{"id":833,"date":"2023-01-08T21:54:01","date_gmt":"2023-01-08T20:54:01","guid":{"rendered":"http:\/\/academus.pl\/?page_id=833"},"modified":"2026-04-11T18:55:21","modified_gmt":"2026-04-11T16:55:21","slug":"home","status":"publish","type":"page","link":"https:\/\/academus.pl\/","title":{"rendered":""},"content":{"rendered":"\n<p><mark style=\"background-color:rgba(0, 0, 0, 0)\" class=\"has-inline-color has-luminous-vivid-amber-color\">>>&lt;&lt;<\/mark><\/p>\n\n\n\n<p><a href=\"https:\/\/www.pracuj.pl\/praca\/kelner-kelnerka-barman-barmanka-wroclaw-kielbasnicza-23,oferta,1004743543\">Praca &lt;&lt;<\/a><\/p>\n\n\n\n<p><mark style=\"background-color:rgba(0, 0, 0, 0)\" class=\"has-inline-color has-luminous-vivid-amber-color\">&gt;&gt;&lt;&lt;<\/mark><\/p>\n\n\n\n<p>Je\u015bli szukacie lub znacie kogo\u015b, kto szuka lokalu pod biuro lub gabinet \u2013&nbsp;to grzeczno\u015bciowo informujemy o dost\u0119pno\u015bci takowych, na pierwszym i drugim pi\u0119trze w kamienicy Academus. Pi\u0119tro ma +\/- 50m kw. Dost\u0119p ca\u0142odobowy, monitorowany. <\/p>\n\n\n\n<p>Dost\u0119pne b\u0119d\u0105 od po\u0142owy kwietnia. Najem na d\u0142ugi okres czasu.<\/p>\n\n\n\n<p>Informacje szczeg\u00f3\u0142owe &gt; bar@academus.pl<\/p>\n\n\n\n<p><mark style=\"background-color:rgba(0, 0, 0, 0)\" class=\"has-inline-color has-luminous-vivid-amber-color\">&gt;&gt;&lt;&lt;<\/mark><\/p>\n\n\n\n<p>Kwot\u0119 za ka\u017cdy co 10-ty nap\u00f3j zam\u00f3wiony w pubie, przeznaczamy na kolejny wyjazd grupy <a href=\"http:\/\/www.mosty.help\">mosty.help<\/a><\/p>\n\n\n\n<p class=\"has-text-align-right\"><a href=\"mailto:bar@academus.pl\">bar@academus.pl<\/a><\/p>\n\n\n\n<p class=\"has-text-align-right\">tel. 608.142.388<\/p>\n\n\n\n<p class=\"has-text-align-right\">tel. 799.107.777<\/p>\n\n\n\n<p class=\"has-text-align-right has-luminous-vivid-amber-color has-text-color has-link-color wp-elements-c4304b2ddf76e592dc984b04917b996e\">czynne:<\/p>\n\n\n\n<p class=\"has-text-align-right has-vivid-green-cyan-color has-text-color has-link-color has-small-font-size wp-elements-aeb1cc6f5c92684fc802cef1f02e415a\">pn: 15.00 &#8211; 24.00<\/p>\n\n\n\n<p class=\"has-text-align-right has-vivid-green-cyan-color has-text-color has-link-color has-small-font-size wp-elements-7527334ada753562a0d9edcb67bb213d\">wt: 15.00 &#8211; 24.00<\/p>\n\n\n\n<p class=\"has-text-align-right has-vivid-green-cyan-color has-text-color has-link-color has-small-font-size wp-elements-8b274a5dfc6bd28e98421c41557eb767\">\u015br: 15.00 &#8211; 24.00<\/p>\n\n\n\n<p class=\"has-text-align-right has-vivid-green-cyan-color has-text-color has-link-color has-small-font-size wp-elements-b99ee12bdc847c6f843e402f2b430ea4\">czw. 15.00 &#8211; 01.00<\/p>\n\n\n\n<p class=\"has-text-align-right has-vivid-green-cyan-color has-text-color has-link-color has-small-font-size wp-elements-bcb1e013672b315e88da7785ac592b72\">pt: <strong>15.00 &#8211; 02.00<\/strong><\/p>\n\n\n\n<p class=\"has-text-align-right has-vivid-green-cyan-color has-text-color has-link-color has-small-font-size wp-elements-3662b5fc0ab20cae0aa57e3dd92e98a0\">sob: <strong>12.00<\/strong> &#8211; <strong>02.00<\/strong><\/p>\n\n\n\n<p class=\"has-text-align-right has-vivid-green-cyan-color has-text-color has-link-color has-small-font-size wp-elements-a436c6a84cb311f33e43ff4153d0d53e\">nd: <strong>12.00<\/strong> &#8211; 24.00<\/p>\n\n\n\n<p><\/p>\n","protected":false},"excerpt":{"rendered":"<p>>>&lt;&lt; Praca &lt;&lt; &gt;&gt;&lt;&lt; Je\u015bli szukacie lub znacie kogo\u015b, kto szuka lokalu pod biuro lub gabinet \u2013&nbsp;to grzeczno\u015bciowo informujemy o dost\u0119pno\u015bci takowych, na pierwszym i drugim pi\u0119trze w kamienicy Academus. Pi\u0119tro ma +\/- 50m kw. Dost\u0119p ca\u0142odobowy, monitorowany. Dost\u0119pne b\u0119d\u0105 od po\u0142owy kwietnia. Najem na d\u0142ugi okres czasu. Informacje szczeg\u00f3\u0142owe &gt; bar@academus.pl &gt;&gt;&lt;&lt; Kwot\u0119 za &hellip; <\/p>\n<p class=\"link-more\"><a href=\"https:\/\/academus.pl\/\" class=\"more-link\">Czytaj dalej<span class=\"screen-reader-text\"> \u201e\u201d<\/span><\/a><\/p>\n","protected":false},"author":1,"featured_media":0,"parent":40,"menu_order":0,"comment_status":"closed","ping_status":"closed","template":"templates\/template-frontpage.php","meta":{"footnotes":""},"class_list":["post-833","page","type-page","status-publish","hentry"],"_links":{"self":[{"href":"https:\/\/academus.pl\/index.php?rest_route=\/wp\/v2\/pages\/833","targetHints":{"allow":["GET"]}}],"collection":[{"href":"https:\/\/academus.pl\/index.php?rest_route=\/wp\/v2\/pages"}],"about":[{"href":"https:\/\/academus.pl\/index.php?rest_route=\/wp\/v2\/types\/page"}],"author":[{"embeddable":true,"href":"https:\/\/academus.pl\/index.php?rest_route=\/wp\/v2\/users\/1"}],"replies":[{"embeddable":true,"href":"https:\/\/academus.pl\/index.php?rest_route=%2Fwp%2Fv2%2Fcomments&post=833"}],"version-history":[{"count":36,"href":"https:\/\/academus.pl\/index.php?rest_route=\/wp\/v2\/pages\/833\/revisions"}],"predecessor-version":[{"id":1552,"href":"https:\/\/academus.pl\/index.php?rest_route=\/wp\/v2\/pages\/833\/revisions\/1552"}],"up":[{"embeddable":true,"href":"https:\/\/academus.pl\/index.php?rest_route=\/wp\/v2\/pages\/40"}],"wp:attachment":[{"href":"https:\/\/academus.pl\/index.php?rest_route=%2Fwp%2Fv2%2Fmedia&parent=833"}],"curies":[{"name":"wp","href":"https:\/\/api.w.org\/{rel}","templated":true}]}}