{"id":39,"date":"2019-04-23T13:36:34","date_gmt":"2019-04-23T11:36:34","guid":{"rendered":"http:\/\/academus.pl\/?page_id=39"},"modified":"2025-03-15T13:28:41","modified_gmt":"2025-03-15T12:28:41","slug":"noclegi","status":"publish","type":"page","link":"https:\/\/academus.pl\/?page_id=39","title":{"rendered":"pokoje \/ rooms"},"content":{"rendered":"\n<pre class=\"wp-block-verse has-text-align-right has-white-color has-black-background-color has-text-color has-background has-link-color wp-elements-6482bf93e3e45c48ca5d75ec96c2022b\">Do Pa\u0144stwa dyspozycji posiadamy 4 pokoje dwuosobowe. Do wszystkich pokoi mo\u017cna dosta\u0107 si\u0119 wind\u0105 lub schodami. Ka\u017cdy pok\u00f3j posiada w\u0142asn\u0105 \u0142azienk\u0119 oraz tv-sat, radio, szafk\u0119 i stolik.  Niekt\u00f3re r\u00f3wnie\u017c klimatyzacj\u0119. <br><br>Dokonuj\u0105c rezerwacji noclegu, bezpo\u015brednio u nas - otrzymacie Pa\u0144stwo, zdecydowanie lepsz\u0105 ofert\u0119 cenow\u0105, ni\u017c u po\u015brednik\u00f3w \u015bwiadcz\u0105cych us\u0142ugi rezerwacyjne. <br><br>Zadzwo\u0144cie lub napiszcie.<br><br>tel. 0048 - 799 10 7777 \/ bar@academus.pl<br><br>Check in od 15.00 do 23.00<br><br>(po 23.00 mo\u017cliwy odbi\u00f3r klucza ze skrytki)<br><br>Check out do 11.00<br><br>Parking  <a href=\"https:\/\/nfm.parkujesz.pl\">>> link  &lt;&lt;<\/a><br><br>Parking publiczny przy ulicy p\u0142atny codziennie w godzinach: 9.00 - 20.00, b\u0105d\u017a w gara\u017cu - link powy\u017cej.<br><br>Palenie jest zabronione w ca\u0142ej kamienicy.<br>Organizacja imprez i przyj\u0119\u0107 w pokojach jest zabroniona<br>Go\u015bcie hotelowi musz\u0105 zachowa\u0107 cisz\u0119 w godzinach 23:00\u201308:00.<br>Zwierz\u0119ta w pokojach nie s\u0105 akceptowane.<br><br>Wi-Fi jest dost\u0119pne w ca\u0142ym obiekcie i jest bezp\u0142atne.<br><\/pre>\n","protected":false},"excerpt":{"rendered":"<p>Do Pa\u0144stwa dyspozycji posiadamy 4 pokoje dwuosobowe. Do wszystkich pokoi mo\u017cna dosta\u0107 si\u0119 wind\u0105 lub schodami. Ka\u017cdy pok\u00f3j posiada w\u0142asn\u0105 \u0142azienk\u0119 oraz tv-sat, radio, szafk\u0119 i stolik. Niekt\u00f3re r\u00f3wnie\u017c klimatyzacj\u0119. Dokonuj\u0105c rezerwacji noclegu, bezpo\u015brednio u nas &#8211; otrzymacie Pa\u0144stwo, zdecydowanie lepsz\u0105 ofert\u0119 cenow\u0105, ni\u017c u po\u015brednik\u00f3w \u015bwiadcz\u0105cych us\u0142ugi rezerwacyjne. Zadzwo\u0144cie lub napiszcie.tel. 0048 &#8211; 799 &hellip; <\/p>\n<p class=\"link-more\"><a href=\"https:\/\/academus.pl\/?page_id=39\" class=\"more-link\">Czytaj dalej<span class=\"screen-reader-text\"> \u201epokoje \/ rooms\u201d<\/span><\/a><\/p>\n","protected":false},"author":1,"featured_media":0,"parent":0,"menu_order":0,"comment_status":"closed","ping_status":"closed","template":"","meta":{"footnotes":""},"class_list":["post-39","page","type-page","status-publish","hentry"],"_links":{"self":[{"href":"https:\/\/academus.pl\/index.php?rest_route=\/wp\/v2\/pages\/39","targetHints":{"allow":["GET"]}}],"collection":[{"href":"https:\/\/academus.pl\/index.php?rest_route=\/wp\/v2\/pages"}],"about":[{"href":"https:\/\/academus.pl\/index.php?rest_route=\/wp\/v2\/types\/page"}],"author":[{"embeddable":true,"href":"https:\/\/academus.pl\/index.php?rest_route=\/wp\/v2\/users\/1"}],"replies":[{"embeddable":true,"href":"https:\/\/academus.pl\/index.php?rest_route=%2Fwp%2Fv2%2Fcomments&post=39"}],"version-history":[{"count":60,"href":"https:\/\/academus.pl\/index.php?rest_route=\/wp\/v2\/pages\/39\/revisions"}],"predecessor-version":[{"id":1436,"href":"https:\/\/academus.pl\/index.php?rest_route=\/wp\/v2\/pages\/39\/revisions\/1436"}],"wp:attachment":[{"href":"https:\/\/academus.pl\/index.php?rest_route=%2Fwp%2Fv2%2Fmedia&parent=39"}],"curies":[{"name":"wp","href":"https:\/\/api.w.org\/{rel}","templated":true}]}}