{"id":1419,"date":"2024-10-19T15:08:28","date_gmt":"2024-10-19T13:08:28","guid":{"rendered":"https:\/\/academus.pl\/?page_id=1419"},"modified":"2025-08-01T18:20:24","modified_gmt":"2025-08-01T16:20:24","slug":"aktualnosci-2","status":"publish","type":"page","link":"https:\/\/academus.pl\/?page_id=1419","title":{"rendered":"cydr \/ cider"},"content":{"rendered":"\n<p>_______________________________________________<\/p>\n\n\n\n<p><a href=\"http:\/\/www.cydr-tradycyjny.pl\">www.cydr-tradycyjny.pl<\/a><\/p>\n\n\n\n<p>Luty 2025<\/p>\n\n\n\n<p>Ostatnio posadzili\u015bmy sad jab\u0142oniowy, do kt\u00f3rego w przysz\u0142o\u015bci zaprasza\u0107 b\u0119dziemy na jab\u0142kobranie i odpoczynek na terenie Parku Krajobrazowego Doliny Baryczy&#8230;<\/p>\n\n\n\n<figure class=\"wp-block-gallery has-nested-images columns-default is-cropped wp-block-gallery-1 is-layout-flex wp-block-gallery-is-layout-flex\">\n<figure class=\"wp-block-image size-large\"><img loading=\"lazy\" decoding=\"async\" width=\"768\" height=\"1024\" data-id=\"1439\" src=\"https:\/\/academus.pl\/wp-content\/uploads\/20250215_102405-768x1024.jpg\" alt=\"\" class=\"wp-image-1439\" srcset=\"https:\/\/academus.pl\/wp-content\/uploads\/20250215_102405-768x1024.jpg 768w, https:\/\/academus.pl\/wp-content\/uploads\/20250215_102405-225x300.jpg 225w, https:\/\/academus.pl\/wp-content\/uploads\/20250215_102405-113x150.jpg 113w, https:\/\/academus.pl\/wp-content\/uploads\/20250215_102405-1152x1536.jpg 1152w, https:\/\/academus.pl\/wp-content\/uploads\/20250215_102405-1536x2048.jpg 1536w, https:\/\/academus.pl\/wp-content\/uploads\/20250215_102405-scaled.jpg 1920w\" sizes=\"auto, (max-width: 767px) 89vw, (max-width: 1000px) 54vw, (max-width: 1071px) 543px, 580px\" \/><\/figure>\n\n\n\n<figure class=\"wp-block-image size-large\"><img loading=\"lazy\" decoding=\"async\" width=\"1024\" height=\"768\" data-id=\"1442\" src=\"https:\/\/academus.pl\/wp-content\/uploads\/20250227_150525-1024x768.jpg\" alt=\"\" class=\"wp-image-1442\" srcset=\"https:\/\/academus.pl\/wp-content\/uploads\/20250227_150525-1024x768.jpg 1024w, https:\/\/academus.pl\/wp-content\/uploads\/20250227_150525-300x225.jpg 300w, https:\/\/academus.pl\/wp-content\/uploads\/20250227_150525-150x113.jpg 150w, https:\/\/academus.pl\/wp-content\/uploads\/20250227_150525-768x576.jpg 768w, https:\/\/academus.pl\/wp-content\/uploads\/20250227_150525-1536x1152.jpg 1536w, https:\/\/academus.pl\/wp-content\/uploads\/20250227_150525-2048x1536.jpg 2048w\" sizes=\"auto, (max-width: 767px) 89vw, (max-width: 1000px) 54vw, (max-width: 1071px) 543px, 580px\" \/><\/figure>\n\n\n\n<figure class=\"wp-block-image size-large\"><img loading=\"lazy\" decoding=\"async\" width=\"1024\" height=\"768\" data-id=\"1443\" src=\"https:\/\/academus.pl\/wp-content\/uploads\/20250307_113143-1-1024x768.jpg\" alt=\"\" class=\"wp-image-1443\" srcset=\"https:\/\/academus.pl\/wp-content\/uploads\/20250307_113143-1-1024x768.jpg 1024w, https:\/\/academus.pl\/wp-content\/uploads\/20250307_113143-1-300x225.jpg 300w, https:\/\/academus.pl\/wp-content\/uploads\/20250307_113143-1-150x113.jpg 150w, https:\/\/academus.pl\/wp-content\/uploads\/20250307_113143-1-768x576.jpg 768w, https:\/\/academus.pl\/wp-content\/uploads\/20250307_113143-1-1536x1152.jpg 1536w, https:\/\/academus.pl\/wp-content\/uploads\/20250307_113143-1-2048x1536.jpg 2048w\" sizes=\"auto, (max-width: 767px) 89vw, (max-width: 1000px) 54vw, (max-width: 1071px) 543px, 580px\" \/><\/figure>\n\n\n\n<figure class=\"wp-block-image size-large\"><img loading=\"lazy\" decoding=\"async\" width=\"1024\" height=\"768\" data-id=\"1444\" src=\"https:\/\/academus.pl\/wp-content\/uploads\/20250301_113924-1-1024x768.jpg\" alt=\"\" class=\"wp-image-1444\" srcset=\"https:\/\/academus.pl\/wp-content\/uploads\/20250301_113924-1-1024x768.jpg 1024w, https:\/\/academus.pl\/wp-content\/uploads\/20250301_113924-1-300x225.jpg 300w, https:\/\/academus.pl\/wp-content\/uploads\/20250301_113924-1-150x113.jpg 150w, https:\/\/academus.pl\/wp-content\/uploads\/20250301_113924-1-768x576.jpg 768w, https:\/\/academus.pl\/wp-content\/uploads\/20250301_113924-1-1536x1152.jpg 1536w, https:\/\/academus.pl\/wp-content\/uploads\/20250301_113924-1-2048x1536.jpg 2048w\" sizes=\"auto, (max-width: 767px) 89vw, (max-width: 1000px) 54vw, (max-width: 1071px) 543px, 580px\" \/><\/figure>\n\n\n\n<figure class=\"wp-block-image size-large\"><img loading=\"lazy\" decoding=\"async\" width=\"1024\" height=\"768\" data-id=\"1446\" src=\"https:\/\/academus.pl\/wp-content\/uploads\/20250311_143922-2-1024x768.jpg\" alt=\"\" class=\"wp-image-1446\" srcset=\"https:\/\/academus.pl\/wp-content\/uploads\/20250311_143922-2-1024x768.jpg 1024w, https:\/\/academus.pl\/wp-content\/uploads\/20250311_143922-2-300x225.jpg 300w, https:\/\/academus.pl\/wp-content\/uploads\/20250311_143922-2-150x113.jpg 150w, https:\/\/academus.pl\/wp-content\/uploads\/20250311_143922-2-768x576.jpg 768w, https:\/\/academus.pl\/wp-content\/uploads\/20250311_143922-2-1536x1152.jpg 1536w, https:\/\/academus.pl\/wp-content\/uploads\/20250311_143922-2-2048x1536.jpg 2048w\" sizes=\"auto, (max-width: 767px) 89vw, (max-width: 1000px) 54vw, (max-width: 1071px) 543px, 580px\" \/><\/figure>\n\n\n\n<figure class=\"wp-block-image size-large\"><img loading=\"lazy\" decoding=\"async\" width=\"839\" height=\"1024\" data-id=\"1470\" src=\"https:\/\/academus.pl\/wp-content\/uploads\/20250714_145000-839x1024.jpg\" alt=\"\" class=\"wp-image-1470\" srcset=\"https:\/\/academus.pl\/wp-content\/uploads\/20250714_145000-839x1024.jpg 839w, https:\/\/academus.pl\/wp-content\/uploads\/20250714_145000-246x300.jpg 246w, https:\/\/academus.pl\/wp-content\/uploads\/20250714_145000-123x150.jpg 123w, https:\/\/academus.pl\/wp-content\/uploads\/20250714_145000-768x938.jpg 768w, https:\/\/academus.pl\/wp-content\/uploads\/20250714_145000-1258x1536.jpg 1258w, https:\/\/academus.pl\/wp-content\/uploads\/20250714_145000-1677x2048.jpg 1677w\" sizes=\"auto, (max-width: 767px) 89vw, (max-width: 1000px) 54vw, (max-width: 1071px) 543px, 580px\" \/><\/figure>\n<\/figure>\n\n\n\n<p><\/p>\n","protected":false},"excerpt":{"rendered":"<p>_______________________________________________ www.cydr-tradycyjny.pl Luty 2025 Ostatnio posadzili\u015bmy sad jab\u0142oniowy, do kt\u00f3rego w przysz\u0142o\u015bci zaprasza\u0107 b\u0119dziemy na jab\u0142kobranie i odpoczynek na terenie Parku Krajobrazowego Doliny Baryczy&#8230;<\/p>\n","protected":false},"author":1,"featured_media":0,"parent":0,"menu_order":0,"comment_status":"closed","ping_status":"closed","template":"","meta":{"footnotes":""},"class_list":["post-1419","page","type-page","status-publish","hentry"],"_links":{"self":[{"href":"https:\/\/academus.pl\/index.php?rest_route=\/wp\/v2\/pages\/1419","targetHints":{"allow":["GET"]}}],"collection":[{"href":"https:\/\/academus.pl\/index.php?rest_route=\/wp\/v2\/pages"}],"about":[{"href":"https:\/\/academus.pl\/index.php?rest_route=\/wp\/v2\/types\/page"}],"author":[{"embeddable":true,"href":"https:\/\/academus.pl\/index.php?rest_route=\/wp\/v2\/users\/1"}],"replies":[{"embeddable":true,"href":"https:\/\/academus.pl\/index.php?rest_route=%2Fwp%2Fv2%2Fcomments&post=1419"}],"version-history":[{"count":17,"href":"https:\/\/academus.pl\/index.php?rest_route=\/wp\/v2\/pages\/1419\/revisions"}],"predecessor-version":[{"id":1477,"href":"https:\/\/academus.pl\/index.php?rest_route=\/wp\/v2\/pages\/1419\/revisions\/1477"}],"wp:attachment":[{"href":"https:\/\/academus.pl\/index.php?rest_route=%2Fwp%2Fv2%2Fmedia&parent=1419"}],"curies":[{"name":"wp","href":"https:\/\/api.w.org\/{rel}","templated":true}]}}